{"id":3579,"date":"2025-12-28T07:03:09","date_gmt":"2025-12-28T06:03:09","guid":{"rendered":"https:\/\/www.camping-leclosdeballeroy.fr\/mobile-home-lodge-8073-3-bedrooms-6-people\/"},"modified":"2026-03-18T16:12:24","modified_gmt":"2026-03-18T15:12:24","slug":"mobile-home-lodge-8073-3-bedrooms-6-people","status":"publish","type":"page","link":"https:\/\/www.camping-leclosdeballeroy.fr\/en\/mobile-home-lodge-8073-3-bedrooms-6-people\/","title":{"rendered":"Mobile Home Lodge 8073 3 bedrooms 6 people."},"content":{"rendered":"\t\t<div data-elementor-type=\"wp-page\" data-elementor-id=\"3579\" class=\"elementor elementor-3579 elementor-1913\" data-elementor-post-type=\"page\">\n\t\t\t\t<div class=\"elementor-element elementor-element-1582f499 e-con-full e-flex e-con e-parent\" data-id=\"1582f499\" data-element_type=\"container\">\n\t\t<div class=\"elementor-element elementor-element-4bf1050c e-con-full e-flex e-con e-child\" data-id=\"4bf1050c\" data-element_type=\"container\" data-settings=\"{&quot;background_background&quot;:&quot;classic&quot;}\">\n\t\t\t\t<\/div>\n\t\t<div class=\"elementor-element elementor-element-576aca1 e-con-full animated-slow e-flex elementor-invisible e-con e-child\" data-id=\"576aca1\" data-element_type=\"container\" data-settings=\"{&quot;position&quot;:&quot;absolute&quot;,&quot;animation&quot;:&quot;fadeInUp&quot;,&quot;animation_delay&quot;:650}\">\n\t\t\t\t<div class=\"elementor-element elementor-element-722e2ca5 elementor-widget elementor-widget-heading\" data-id=\"722e2ca5\" data-element_type=\"widget\" data-widget_type=\"heading.default\">\n\t\t\t\t\t<h1 class=\"elementor-heading-title elementor-size-default\">Mobile Home Lodge 8073 3 bedrooms 6 people.<\/h1>\t\t\t\t<\/div>\n\t\t\t\t<\/div>\n\t\t\t\t<\/div>\n\t\t<div class=\"elementor-element elementor-element-625af12f centerCtt e-flex e-con-boxed e-con e-parent\" data-id=\"625af12f\" data-element_type=\"container\">\n\t\t\t\t\t<div class=\"e-con-inner\">\n\t\t<div class=\"elementor-element elementor-element-7d9c7b8b e-con-full e-flex e-con e-child\" data-id=\"7d9c7b8b\" data-element_type=\"container\">\n\t\t\t\t<div class=\"elementor-element elementor-element-3a33cadc animated-slow elementor-invisible elementor-widget elementor-widget-heading\" data-id=\"3a33cadc\" data-element_type=\"widget\" data-settings=\"{&quot;_animation&quot;:&quot;fadeInUp&quot;}\" data-widget_type=\"heading.default\">\n\t\t\t\t\t<h2 class=\"elementor-heading-title elementor-size-default\">Mobil-Home familial Lodge 8073 <\/h2>\t\t\t\t<\/div>\n\t\t\t\t<div class=\"elementor-element elementor-element-55735785 elementor-widget elementor-widget-text-editor\" data-id=\"55735785\" data-element_type=\"widget\" data-widget_type=\"text-editor.default\">\n\t\t\t\t\t\t\t\t\t<p><strong>Family mobile home Lodge 8073Pour vos s\u00e9jours en famille ou entre amis, d\u00e9couvrez le mobil-home Lodge id\u00e9al pour 6 personnes.<\/strong><\/p>\n<p>At the 3-star Le Clos de Balleroy campsite, near Bayeux and Caen, we offer mobile homes perfect for families (pets welcome!) with three bedrooms and a pleasant terrace. &nbsp;A strategic base for exploring our beautiful Normandy region between dips in our heated pool.<\/p>\n<p><strong>Pets allowed&nbsp;<\/strong><\/p>\t\t\t\t\t\t\t\t<\/div>\n\t\t\t\t<\/div>\n\t\t<div class=\"elementor-element elementor-element-f2abb01 e-con-full e-flex e-con e-child\" data-id=\"f2abb01\" data-element_type=\"container\">\n\t\t<div class=\"elementor-element elementor-element-29dd7df4 e-con-full animated-slow cttTxtHb e-flex elementor-invisible e-con e-child\" data-id=\"29dd7df4\" data-element_type=\"container\" data-settings=\"{&quot;animation&quot;:&quot;fadeInLeft&quot;,&quot;animation_delay&quot;:800}\">\n\t\t\t\t<div class=\"elementor-element elementor-element-304fa097 elementor-widget elementor-widget-text-editor\" data-id=\"304fa097\" data-element_type=\"widget\" data-widget_type=\"text-editor.default\">\n\t\t\t\t\t\t\t\t\t<p><strong>MOBILE HOME for 6 people<\/strong><\/p><p>3 bedrooms &#8211; 33m\u00b2<\/p><p><strong>Description:<\/strong><\/p><ul><li>A bedroom with 1 bed measuring 140 x 190 cm.<\/li><li>A bedroom with 2 beds measuring 80 x 190 cm, one of which is a pull-out bed.<\/li><li>Another bedroom with 2 beds measuring 80 x 190 cm, including 1 pull-out bed.<\/li><li>Bathroom with shower and sink.<\/li><li>Separate toilet<\/li><li>Kitchen equipped with crockery, electric coffee maker, gas hob, extractor hood, fridge-freezer, microwave, kettle.<\/li><li>Television<\/li><li>Curtains<\/li><li>Convectors in all rooms.<\/li><\/ul><p><span style=\"text-decoration: underline;\">Outside: <\/span>Semi-covered wooden terrace, picnic table, parasol, clothesline, barbecue on request.<\/p>\t\t\t\t\t\t\t\t<\/div>\n\t\t<div class=\"elementor-element elementor-element-ce44289 e-con-full animated-slow e-flex elementor-invisible e-con e-child\" data-id=\"ce44289\" data-element_type=\"container\" data-settings=\"{&quot;animation&quot;:&quot;fadeInLeft&quot;,&quot;animation_delay&quot;:800}\">\n\t\t\t\t<div class=\"elementor-element elementor-element-b7d8b12 elementor-widget elementor-widget-text-editor\" data-id=\"b7d8b12\" data-element_type=\"widget\" data-widget_type=\"text-editor.default\">\n\t\t\t\t\t\t\t\t\t<p>Duvets and pillows provided.<\/p><p><strong><em>REMEMBER TO BRING your sheets, pillowcases, dish towels, and cleaning products!<\/em><\/strong><\/p><p><em>Accommodation year: 2018<br>Photos are for illustration purposes only.<\/em><\/p>\t\t\t\t\t\t\t\t<\/div>\n\t\t\t\t<\/div>\n\t\t\t\t<\/div>\n\t\t<div class=\"elementor-element elementor-element-8b095b2 e-con-full animated-slow cttPhotos2 cttPhotosHb e-flex elementor-invisible e-con e-child\" data-id=\"8b095b2\" data-element_type=\"container\" data-settings=\"{&quot;animation&quot;:&quot;fadeInRight&quot;,&quot;animation_delay&quot;:800}\">\n\t\t<div class=\"elementor-element elementor-element-41a53cb8 e-con-full e-flex e-con e-child\" data-id=\"41a53cb8\" data-element_type=\"container\">\n\t\t\t\t<div class=\"elementor-element elementor-element-791a34ce img-shad img250 e-transform elementor-widget__width-inherit elementor-widget elementor-widget-image\" data-id=\"791a34ce\" data-element_type=\"widget\" data-settings=\"{&quot;_transform_rotateZ_effect&quot;:{&quot;unit&quot;:&quot;px&quot;,&quot;size&quot;:3.45,&quot;sizes&quot;:[]},&quot;_transform_rotateZ_effect_widescreen&quot;:{&quot;unit&quot;:&quot;deg&quot;,&quot;size&quot;:&quot;&quot;,&quot;sizes&quot;:[]},&quot;_transform_rotateZ_effect_laptop&quot;:{&quot;unit&quot;:&quot;deg&quot;,&quot;size&quot;:&quot;&quot;,&quot;sizes&quot;:[]},&quot;_transform_rotateZ_effect_tablet_extra&quot;:{&quot;unit&quot;:&quot;deg&quot;,&quot;size&quot;:&quot;&quot;,&quot;sizes&quot;:[]},&quot;_transform_rotateZ_effect_tablet&quot;:{&quot;unit&quot;:&quot;deg&quot;,&quot;size&quot;:&quot;&quot;,&quot;sizes&quot;:[]},&quot;_transform_rotateZ_effect_mobile_extra&quot;:{&quot;unit&quot;:&quot;deg&quot;,&quot;size&quot;:&quot;&quot;,&quot;sizes&quot;:[]},&quot;_transform_rotateZ_effect_mobile&quot;:{&quot;unit&quot;:&quot;deg&quot;,&quot;size&quot;:&quot;&quot;,&quot;sizes&quot;:[]}}\" data-widget_type=\"image.default\">\n\t\t\t\t\t\t\t\t\t\t\t\t\t\t\t\t<a href=\"https:\/\/www.camping-leclosdeballeroy.fr\/wp-content\/uploads\/2025\/12\/photo-637223752581275618-2-scaled.jpg\" data-elementor-open-lightbox=\"yes\" data-elementor-lightbox-title=\"photo-637223752581275618-2\" data-e-action-hash=\"#elementor-action%3Aaction%3Dlightbox%26settings%3DeyJpZCI6MzUyNiwidXJsIjoiaHR0cHM6XC9cL3d3dy5jYW1waW5nLWxlY2xvc2RlYmFsbGVyb3kuZnJcL3dwLWNvbnRlbnRcL3VwbG9hZHNcLzIwMjVcLzEyXC9waG90by02MzcyMjM3NTI1ODEyNzU2MTgtMi1zY2FsZWQuanBnIn0%3D\">\n\t\t\t\t\t\t\t<img decoding=\"async\" src=\"https:\/\/www.camping-leclosdeballeroy.fr\/wp-content\/uploads\/elementor\/thumbs\/photo-637223752581275618-2-scaled-rk981rb22ah38a4gyp93xppv9vsq882solsxr1he7s.jpg\" title=\"photo-637223752581275618-2\" alt=\"photo-637223752581275618-2\" loading=\"lazy\" \/>\t\t\t\t\t\t\t\t<\/a>\n\t\t\t\t\t\t\t\t\t\t\t\t\t\t\t<\/div>\n\t\t\t\t<\/div>\n\t\t<div class=\"elementor-element elementor-element-3c007754 e-con-full e-flex e-con e-child\" data-id=\"3c007754\" data-element_type=\"container\">\n\t\t\t\t<div class=\"elementor-element elementor-element-96b35d0 img-shad img250 e-transform elementor-widget elementor-widget-image\" data-id=\"96b35d0\" data-element_type=\"widget\" data-settings=\"{&quot;_transform_rotateZ_effect&quot;:{&quot;unit&quot;:&quot;px&quot;,&quot;size&quot;:-2,&quot;sizes&quot;:[]},&quot;_transform_rotateZ_effect_widescreen&quot;:{&quot;unit&quot;:&quot;deg&quot;,&quot;size&quot;:&quot;&quot;,&quot;sizes&quot;:[]},&quot;_transform_rotateZ_effect_laptop&quot;:{&quot;unit&quot;:&quot;deg&quot;,&quot;size&quot;:&quot;&quot;,&quot;sizes&quot;:[]},&quot;_transform_rotateZ_effect_tablet_extra&quot;:{&quot;unit&quot;:&quot;deg&quot;,&quot;size&quot;:&quot;&quot;,&quot;sizes&quot;:[]},&quot;_transform_rotateZ_effect_tablet&quot;:{&quot;unit&quot;:&quot;deg&quot;,&quot;size&quot;:&quot;&quot;,&quot;sizes&quot;:[]},&quot;_transform_rotateZ_effect_mobile_extra&quot;:{&quot;unit&quot;:&quot;deg&quot;,&quot;size&quot;:&quot;&quot;,&quot;sizes&quot;:[]},&quot;_transform_rotateZ_effect_mobile&quot;:{&quot;unit&quot;:&quot;deg&quot;,&quot;size&quot;:&quot;&quot;,&quot;sizes&quot;:[]}}\" data-widget_type=\"image.default\">\n\t\t\t\t\t\t\t\t\t\t\t\t\t\t\t\t<a href=\"https:\/\/www.camping-leclosdeballeroy.fr\/wp-content\/uploads\/2025\/12\/photo-636444556997178867-2.jpg\" data-elementor-open-lightbox=\"yes\" data-elementor-lightbox-title=\"photo-636444556997178867-2\" data-e-action-hash=\"#elementor-action%3Aaction%3Dlightbox%26settings%3DeyJpZCI6MzU3NiwidXJsIjoiaHR0cHM6XC9cL3d3dy5jYW1waW5nLWxlY2xvc2RlYmFsbGVyb3kuZnJcL3dwLWNvbnRlbnRcL3VwbG9hZHNcLzIwMjVcLzEyXC9waG90by02MzY0NDQ1NTY5OTcxNzg4NjctMi5qcGcifQ%3D%3D\">\n\t\t\t\t\t\t\t<img decoding=\"async\" src=\"https:\/\/www.camping-leclosdeballeroy.fr\/wp-content\/uploads\/elementor\/thumbs\/photo-636444556997178867-2-rk981rb22ah38a4gyp93xppv9vsq882solsxr1he7s.jpg\" title=\"photo-636444556997178867-2\" alt=\"photo-636444556997178867-2\" loading=\"lazy\" \/>\t\t\t\t\t\t\t\t<\/a>\n\t\t\t\t\t\t\t\t\t\t\t\t\t\t\t<\/div>\n\t\t\t\t<\/div>\n\t\t<div class=\"elementor-element elementor-element-6732e28 e-con-full e-flex e-con e-child\" data-id=\"6732e28\" data-element_type=\"container\">\n\t\t\t\t<div class=\"elementor-element elementor-element-6ead3770 img-shad img250 e-transform elementor-widget__width-inherit elementor-widget elementor-widget-image\" data-id=\"6ead3770\" data-element_type=\"widget\" data-settings=\"{&quot;_transform_rotateZ_effect&quot;:{&quot;unit&quot;:&quot;px&quot;,&quot;size&quot;:-4.5,&quot;sizes&quot;:[]},&quot;_transform_rotateZ_effect_widescreen&quot;:{&quot;unit&quot;:&quot;deg&quot;,&quot;size&quot;:&quot;&quot;,&quot;sizes&quot;:[]},&quot;_transform_rotateZ_effect_laptop&quot;:{&quot;unit&quot;:&quot;deg&quot;,&quot;size&quot;:&quot;&quot;,&quot;sizes&quot;:[]},&quot;_transform_rotateZ_effect_tablet_extra&quot;:{&quot;unit&quot;:&quot;deg&quot;,&quot;size&quot;:&quot;&quot;,&quot;sizes&quot;:[]},&quot;_transform_rotateZ_effect_tablet&quot;:{&quot;unit&quot;:&quot;deg&quot;,&quot;size&quot;:&quot;&quot;,&quot;sizes&quot;:[]},&quot;_transform_rotateZ_effect_mobile_extra&quot;:{&quot;unit&quot;:&quot;deg&quot;,&quot;size&quot;:&quot;&quot;,&quot;sizes&quot;:[]},&quot;_transform_rotateZ_effect_mobile&quot;:{&quot;unit&quot;:&quot;deg&quot;,&quot;size&quot;:&quot;&quot;,&quot;sizes&quot;:[]}}\" data-widget_type=\"image.default\">\n\t\t\t\t\t\t\t\t\t\t\t\t\t\t\t\t<a href=\"https:\/\/www.camping-leclosdeballeroy.fr\/wp-content\/uploads\/2025\/12\/photo-636444556232962712-2.jpg\" data-elementor-open-lightbox=\"yes\" data-elementor-lightbox-title=\"photo-636444556232962712-2\" data-e-action-hash=\"#elementor-action%3Aaction%3Dlightbox%26settings%3DeyJpZCI6MzU3NywidXJsIjoiaHR0cHM6XC9cL3d3dy5jYW1waW5nLWxlY2xvc2RlYmFsbGVyb3kuZnJcL3dwLWNvbnRlbnRcL3VwbG9hZHNcLzIwMjVcLzEyXC9waG90by02MzY0NDQ1NTYyMzI5NjI3MTItMi5qcGcifQ%3D%3D\">\n\t\t\t\t\t\t\t<img decoding=\"async\" src=\"https:\/\/www.camping-leclosdeballeroy.fr\/wp-content\/uploads\/elementor\/thumbs\/photo-636444556232962712-2-rk981rb22ah38a4gyp93xppv9vsq882solsxr1he7s.jpg\" title=\"photo-636444556232962712-2\" alt=\"photo-636444556232962712-2\" loading=\"lazy\" \/>\t\t\t\t\t\t\t\t<\/a>\n\t\t\t\t\t\t\t\t\t\t\t\t\t\t\t<\/div>\n\t\t\t\t<\/div>\n\t\t<div class=\"elementor-element elementor-element-253b4ebf e-con-full e-flex e-con e-child\" data-id=\"253b4ebf\" data-element_type=\"container\">\n\t\t\t\t<div class=\"elementor-element elementor-element-15cba151 img-shad img250 e-transform elementor-widget__width-inherit elementor-widget elementor-widget-image\" data-id=\"15cba151\" data-element_type=\"widget\" data-settings=\"{&quot;_transform_rotateZ_effect&quot;:{&quot;unit&quot;:&quot;px&quot;,&quot;size&quot;:3,&quot;sizes&quot;:[]},&quot;_transform_rotateZ_effect_widescreen&quot;:{&quot;unit&quot;:&quot;deg&quot;,&quot;size&quot;:&quot;&quot;,&quot;sizes&quot;:[]},&quot;_transform_rotateZ_effect_laptop&quot;:{&quot;unit&quot;:&quot;deg&quot;,&quot;size&quot;:&quot;&quot;,&quot;sizes&quot;:[]},&quot;_transform_rotateZ_effect_tablet_extra&quot;:{&quot;unit&quot;:&quot;deg&quot;,&quot;size&quot;:&quot;&quot;,&quot;sizes&quot;:[]},&quot;_transform_rotateZ_effect_tablet&quot;:{&quot;unit&quot;:&quot;deg&quot;,&quot;size&quot;:&quot;&quot;,&quot;sizes&quot;:[]},&quot;_transform_rotateZ_effect_mobile_extra&quot;:{&quot;unit&quot;:&quot;deg&quot;,&quot;size&quot;:&quot;&quot;,&quot;sizes&quot;:[]},&quot;_transform_rotateZ_effect_mobile&quot;:{&quot;unit&quot;:&quot;deg&quot;,&quot;size&quot;:&quot;&quot;,&quot;sizes&quot;:[]}}\" data-widget_type=\"image.default\">\n\t\t\t\t\t\t\t\t\t\t\t\t\t\t\t\t<a href=\"https:\/\/www.camping-leclosdeballeroy.fr\/wp-content\/uploads\/2025\/12\/photo-636444553845412566-2-e1766902188737.jpg\" data-elementor-open-lightbox=\"yes\" data-elementor-lightbox-title=\"photo-636444553845412566-2\" data-e-action-hash=\"#elementor-action%3Aaction%3Dlightbox%26settings%3DeyJpZCI6MzU3OCwidXJsIjoiaHR0cHM6XC9cL3d3dy5jYW1waW5nLWxlY2xvc2RlYmFsbGVyb3kuZnJcL3dwLWNvbnRlbnRcL3VwbG9hZHNcLzIwMjVcLzEyXC9waG90by02MzY0NDQ1NTM4NDU0MTI1NjYtMi1lMTc2NjkwMjE4ODczNy5qcGcifQ%3D%3D\">\n\t\t\t\t\t\t\t<img decoding=\"async\" src=\"https:\/\/www.camping-leclosdeballeroy.fr\/wp-content\/uploads\/elementor\/thumbs\/photo-636444553845412566-2-e1766902188737-rk981rb22ah38a4gyp93xppv9vsq882solsxr1he7s.jpg\" title=\"photo-636444553845412566-2\" alt=\"photo-636444553845412566-2\" loading=\"lazy\" \/>\t\t\t\t\t\t\t\t<\/a>\n\t\t\t\t\t\t\t\t\t\t\t\t\t\t\t<\/div>\n\t\t\t\t<\/div>\n\t\t\t\t<\/div>\n\t\t\t\t<\/div>\n\t\t\t\t\t<\/div>\n\t\t\t\t<\/div>\n\t\t<div class=\"elementor-element elementor-element-65f2ce78 e-flex e-con-boxed e-con e-parent\" data-id=\"65f2ce78\" data-element_type=\"container\">\n\t\t\t\t\t<div class=\"e-con-inner\">\n\t\t\t\t<div class=\"elementor-element elementor-element-36fccd55 elementor-widget elementor-widget-html\" data-id=\"36fccd55\" data-element_type=\"widget\" data-widget_type=\"html.default\">\n\t\t\t\t\t\n<ctv-availability data-product-id=\"81336\" data-background-color=\"#FFFFFFFF\"><\/ctv-availability>\t\t\t\t<\/div>\n\t\t\t\t\t<\/div>\n\t\t\t\t<\/div>\n\t\t<div class=\"elementor-element elementor-element-d953733 e-flex e-con-boxed e-con e-parent\" data-id=\"d953733\" data-element_type=\"container\">\n\t\t\t\t\t<div class=\"e-con-inner\">\n\t\t\t\t<div class=\"elementor-element elementor-element-13fa8aa7 elementor-widget elementor-widget-button\" data-id=\"13fa8aa7\" data-element_type=\"widget\" data-widget_type=\"button.default\">\n\t\t\t\t\t\t\t\t\t\t<a class=\"elementor-button elementor-button-link elementor-size-sm elementor-animation-grow\" href=\"https:\/\/www.camping-leclosdeballeroy.fr\/en\/mobile-homes\/\">\n\t\t\t\t\t\t<span class=\"elementor-button-content-wrapper\">\n\t\t\t\t\t\t\t\t\t<span class=\"elementor-button-text\">All our Mobile Homes<\/span>\n\t\t\t\t\t<\/span>\n\t\t\t\t\t<\/a>\n\t\t\t\t\t\t\t\t<\/div>\n\t\t\t\t\t<\/div>\n\t\t\t\t<\/div>\n\t\t\t\t<\/div>\n\t\t","protected":false},"excerpt":{"rendered":"<p>Mobile Home Lodge 8073 3 bedrooms 6 people. Mobil-Home familial Lodge 8073 Family mobile home Lodge 8073Pour vos s\u00e9jours en famille ou entre amis, d\u00e9couvrez le mobil-home Lodge id\u00e9al pour 6 personnes. At the 3-star Le Clos de Balleroy campsite, near Bayeux and Caen, we offer mobile homes perfect for families (pets welcome!) with three [&hellip;]<\/p>\n","protected":false},"author":1,"featured_media":0,"parent":0,"menu_order":0,"comment_status":"closed","ping_status":"closed","template":"","meta":{"footnotes":""},"class_list":["post-3579","page","type-page","status-publish","hentry"],"yoast_head":"<!-- This site is optimized with the Yoast SEO plugin v26.9 - https:\/\/yoast.com\/product\/yoast-seo-wordpress\/ -->\n<title>Mobile Home Lodge 8073 3 bedrooms 6 people. - Camping le Clos de Balleroy<\/title>\n<meta name=\"description\" content=\"Camping le Clos de Balleroy\" \/>\n<meta name=\"robots\" content=\"index, follow, max-snippet:-1, max-image-preview:large, max-video-preview:-1\" \/>\n<link rel=\"canonical\" href=\"https:\/\/www.camping-leclosdeballeroy.fr\/en\/mobile-home-lodge-8073-3-bedrooms-6-people\/\" \/>\n<meta property=\"og:locale\" content=\"en_US\" \/>\n<meta property=\"og:type\" content=\"article\" \/>\n<meta property=\"og:title\" content=\"Mobile Home Lodge 8073 3 bedrooms 6 people. - Camping le Clos de Balleroy\" \/>\n<meta property=\"og:description\" content=\"Camping le Clos de Balleroy\" \/>\n<meta property=\"og:url\" content=\"https:\/\/www.camping-leclosdeballeroy.fr\/en\/mobile-home-lodge-8073-3-bedrooms-6-people\/\" \/>\n<meta property=\"og:site_name\" content=\"Camping le Clos de Balleroy\" \/>\n<meta property=\"article:modified_time\" content=\"2026-03-18T15:12:24+00:00\" \/>\n<meta property=\"og:image\" content=\"https:\/\/www.camping-leclosdeballeroy.fr\/wp-content\/uploads\/elementor\/thumbs\/photo-637223752581275618-2-scaled-rk981rb22ah38a4gyp93xppv9vsq882solsxr1he7s.jpg\" \/>\n<meta name=\"twitter:card\" content=\"summary_large_image\" \/>\n<meta name=\"twitter:label1\" content=\"Est. reading time\" \/>\n\t<meta name=\"twitter:data1\" content=\"2 minutes\" \/>\n<script type=\"application\/ld+json\" class=\"yoast-schema-graph\">{\"@context\":\"https:\/\/schema.org\",\"@graph\":[{\"@type\":\"WebPage\",\"@id\":\"https:\/\/www.camping-leclosdeballeroy.fr\/en\/mobile-home-lodge-8073-3-bedrooms-6-people\/\",\"url\":\"https:\/\/www.camping-leclosdeballeroy.fr\/en\/mobile-home-lodge-8073-3-bedrooms-6-people\/\",\"name\":\"Mobile Home Lodge 8073 3 bedrooms 6 people. - Camping le Clos de Balleroy\",\"isPartOf\":{\"@id\":\"https:\/\/www.camping-leclosdeballeroy.fr\/#website\"},\"primaryImageOfPage\":{\"@id\":\"https:\/\/www.camping-leclosdeballeroy.fr\/en\/mobile-home-lodge-8073-3-bedrooms-6-people\/#primaryimage\"},\"image\":{\"@id\":\"https:\/\/www.camping-leclosdeballeroy.fr\/en\/mobile-home-lodge-8073-3-bedrooms-6-people\/#primaryimage\"},\"thumbnailUrl\":\"https:\/\/www.camping-leclosdeballeroy.fr\/wp-content\/uploads\/elementor\/thumbs\/photo-637223752581275618-2-scaled-rk981rb22ah38a4gyp93xppv9vsq882solsxr1he7s.jpg\",\"datePublished\":\"2025-12-28T06:03:09+00:00\",\"dateModified\":\"2026-03-18T15:12:24+00:00\",\"description\":\"Camping le Clos de Balleroy\",\"breadcrumb\":{\"@id\":\"https:\/\/www.camping-leclosdeballeroy.fr\/en\/mobile-home-lodge-8073-3-bedrooms-6-people\/#breadcrumb\"},\"inLanguage\":\"en-US\",\"potentialAction\":[{\"@type\":\"ReadAction\",\"target\":[\"https:\/\/www.camping-leclosdeballeroy.fr\/en\/mobile-home-lodge-8073-3-bedrooms-6-people\/\"]}]},{\"@type\":\"ImageObject\",\"inLanguage\":\"en-US\",\"@id\":\"https:\/\/www.camping-leclosdeballeroy.fr\/en\/mobile-home-lodge-8073-3-bedrooms-6-people\/#primaryimage\",\"url\":\"https:\/\/www.camping-leclosdeballeroy.fr\/wp-content\/uploads\/elementor\/thumbs\/photo-637223752581275618-2-scaled-rk981rb22ah38a4gyp93xppv9vsq882solsxr1he7s.jpg\",\"contentUrl\":\"https:\/\/www.camping-leclosdeballeroy.fr\/wp-content\/uploads\/elementor\/thumbs\/photo-637223752581275618-2-scaled-rk981rb22ah38a4gyp93xppv9vsq882solsxr1he7s.jpg\"},{\"@type\":\"BreadcrumbList\",\"@id\":\"https:\/\/www.camping-leclosdeballeroy.fr\/en\/mobile-home-lodge-8073-3-bedrooms-6-people\/#breadcrumb\",\"itemListElement\":[{\"@type\":\"ListItem\",\"position\":1,\"name\":\"Accueil\",\"item\":\"https:\/\/www.camping-leclosdeballeroy.fr\/\"},{\"@type\":\"ListItem\",\"position\":2,\"name\":\"Mobile Home Lodge 8073 3 bedrooms 6 people.\"}]},{\"@type\":\"WebSite\",\"@id\":\"https:\/\/www.camping-leclosdeballeroy.fr\/#website\",\"url\":\"https:\/\/www.camping-leclosdeballeroy.fr\/\",\"name\":\"Camping le Clos de Balleroy\",\"description\":\"\",\"publisher\":{\"@id\":\"https:\/\/www.camping-leclosdeballeroy.fr\/#organization\"},\"potentialAction\":[{\"@type\":\"SearchAction\",\"target\":{\"@type\":\"EntryPoint\",\"urlTemplate\":\"https:\/\/www.camping-leclosdeballeroy.fr\/?s={search_term_string}\"},\"query-input\":{\"@type\":\"PropertyValueSpecification\",\"valueRequired\":true,\"valueName\":\"search_term_string\"}}],\"inLanguage\":\"en-US\"},{\"@type\":\"Organization\",\"@id\":\"https:\/\/www.camping-leclosdeballeroy.fr\/#organization\",\"name\":\"Camping le Clos de Balleroy\",\"url\":\"https:\/\/www.camping-leclosdeballeroy.fr\/\",\"logo\":{\"@type\":\"ImageObject\",\"inLanguage\":\"en-US\",\"@id\":\"https:\/\/www.camping-leclosdeballeroy.fr\/#\/schema\/logo\/image\/\",\"url\":\"https:\/\/www.camping-leclosdeballeroy.fr\/wp-content\/uploads\/2025\/11\/logo-complet-leclodeballeroy-e1763013782743.png\",\"contentUrl\":\"https:\/\/www.camping-leclosdeballeroy.fr\/wp-content\/uploads\/2025\/11\/logo-complet-leclodeballeroy-e1763013782743.png\",\"width\":1186,\"height\":988,\"caption\":\"Camping le Clos de Balleroy\"},\"image\":{\"@id\":\"https:\/\/www.camping-leclosdeballeroy.fr\/#\/schema\/logo\/image\/\"}}]}<\/script>\n<!-- \/ Yoast SEO plugin. -->","yoast_head_json":{"title":"Mobile Home Lodge 8073 3 bedrooms 6 people. - Camping le Clos de Balleroy","description":"Camping le Clos de Balleroy","robots":{"index":"index","follow":"follow","max-snippet":"max-snippet:-1","max-image-preview":"max-image-preview:large","max-video-preview":"max-video-preview:-1"},"canonical":"https:\/\/www.camping-leclosdeballeroy.fr\/en\/mobile-home-lodge-8073-3-bedrooms-6-people\/","og_locale":"en_US","og_type":"article","og_title":"Mobile Home Lodge 8073 3 bedrooms 6 people. - Camping le Clos de Balleroy","og_description":"Camping le Clos de Balleroy","og_url":"https:\/\/www.camping-leclosdeballeroy.fr\/en\/mobile-home-lodge-8073-3-bedrooms-6-people\/","og_site_name":"Camping le Clos de Balleroy","article_modified_time":"2026-03-18T15:12:24+00:00","og_image":[{"url":"https:\/\/www.camping-leclosdeballeroy.fr\/wp-content\/uploads\/elementor\/thumbs\/photo-637223752581275618-2-scaled-rk981rb22ah38a4gyp93xppv9vsq882solsxr1he7s.jpg","type":"","width":"","height":""}],"twitter_card":"summary_large_image","twitter_misc":{"Est. reading time":"2 minutes"},"schema":{"@context":"https:\/\/schema.org","@graph":[{"@type":"WebPage","@id":"https:\/\/www.camping-leclosdeballeroy.fr\/en\/mobile-home-lodge-8073-3-bedrooms-6-people\/","url":"https:\/\/www.camping-leclosdeballeroy.fr\/en\/mobile-home-lodge-8073-3-bedrooms-6-people\/","name":"Mobile Home Lodge 8073 3 bedrooms 6 people. - Camping le Clos de Balleroy","isPartOf":{"@id":"https:\/\/www.camping-leclosdeballeroy.fr\/#website"},"primaryImageOfPage":{"@id":"https:\/\/www.camping-leclosdeballeroy.fr\/en\/mobile-home-lodge-8073-3-bedrooms-6-people\/#primaryimage"},"image":{"@id":"https:\/\/www.camping-leclosdeballeroy.fr\/en\/mobile-home-lodge-8073-3-bedrooms-6-people\/#primaryimage"},"thumbnailUrl":"https:\/\/www.camping-leclosdeballeroy.fr\/wp-content\/uploads\/elementor\/thumbs\/photo-637223752581275618-2-scaled-rk981rb22ah38a4gyp93xppv9vsq882solsxr1he7s.jpg","datePublished":"2025-12-28T06:03:09+00:00","dateModified":"2026-03-18T15:12:24+00:00","description":"Camping le Clos de Balleroy","breadcrumb":{"@id":"https:\/\/www.camping-leclosdeballeroy.fr\/en\/mobile-home-lodge-8073-3-bedrooms-6-people\/#breadcrumb"},"inLanguage":"en-US","potentialAction":[{"@type":"ReadAction","target":["https:\/\/www.camping-leclosdeballeroy.fr\/en\/mobile-home-lodge-8073-3-bedrooms-6-people\/"]}]},{"@type":"ImageObject","inLanguage":"en-US","@id":"https:\/\/www.camping-leclosdeballeroy.fr\/en\/mobile-home-lodge-8073-3-bedrooms-6-people\/#primaryimage","url":"https:\/\/www.camping-leclosdeballeroy.fr\/wp-content\/uploads\/elementor\/thumbs\/photo-637223752581275618-2-scaled-rk981rb22ah38a4gyp93xppv9vsq882solsxr1he7s.jpg","contentUrl":"https:\/\/www.camping-leclosdeballeroy.fr\/wp-content\/uploads\/elementor\/thumbs\/photo-637223752581275618-2-scaled-rk981rb22ah38a4gyp93xppv9vsq882solsxr1he7s.jpg"},{"@type":"BreadcrumbList","@id":"https:\/\/www.camping-leclosdeballeroy.fr\/en\/mobile-home-lodge-8073-3-bedrooms-6-people\/#breadcrumb","itemListElement":[{"@type":"ListItem","position":1,"name":"Accueil","item":"https:\/\/www.camping-leclosdeballeroy.fr\/"},{"@type":"ListItem","position":2,"name":"Mobile Home Lodge 8073 3 bedrooms 6 people."}]},{"@type":"WebSite","@id":"https:\/\/www.camping-leclosdeballeroy.fr\/#website","url":"https:\/\/www.camping-leclosdeballeroy.fr\/","name":"Camping le Clos de Balleroy","description":"","publisher":{"@id":"https:\/\/www.camping-leclosdeballeroy.fr\/#organization"},"potentialAction":[{"@type":"SearchAction","target":{"@type":"EntryPoint","urlTemplate":"https:\/\/www.camping-leclosdeballeroy.fr\/?s={search_term_string}"},"query-input":{"@type":"PropertyValueSpecification","valueRequired":true,"valueName":"search_term_string"}}],"inLanguage":"en-US"},{"@type":"Organization","@id":"https:\/\/www.camping-leclosdeballeroy.fr\/#organization","name":"Camping le Clos de Balleroy","url":"https:\/\/www.camping-leclosdeballeroy.fr\/","logo":{"@type":"ImageObject","inLanguage":"en-US","@id":"https:\/\/www.camping-leclosdeballeroy.fr\/#\/schema\/logo\/image\/","url":"https:\/\/www.camping-leclosdeballeroy.fr\/wp-content\/uploads\/2025\/11\/logo-complet-leclodeballeroy-e1763013782743.png","contentUrl":"https:\/\/www.camping-leclosdeballeroy.fr\/wp-content\/uploads\/2025\/11\/logo-complet-leclodeballeroy-e1763013782743.png","width":1186,"height":988,"caption":"Camping le Clos de Balleroy"},"image":{"@id":"https:\/\/www.camping-leclosdeballeroy.fr\/#\/schema\/logo\/image\/"}}]}},"_links":{"self":[{"href":"https:\/\/www.camping-leclosdeballeroy.fr\/en\/wp-json\/wp\/v2\/pages\/3579","targetHints":{"allow":["GET"]}}],"collection":[{"href":"https:\/\/www.camping-leclosdeballeroy.fr\/en\/wp-json\/wp\/v2\/pages"}],"about":[{"href":"https:\/\/www.camping-leclosdeballeroy.fr\/en\/wp-json\/wp\/v2\/types\/page"}],"author":[{"embeddable":true,"href":"https:\/\/www.camping-leclosdeballeroy.fr\/en\/wp-json\/wp\/v2\/users\/1"}],"replies":[{"embeddable":true,"href":"https:\/\/www.camping-leclosdeballeroy.fr\/en\/wp-json\/wp\/v2\/comments?post=3579"}],"version-history":[{"count":4,"href":"https:\/\/www.camping-leclosdeballeroy.fr\/en\/wp-json\/wp\/v2\/pages\/3579\/revisions"}],"predecessor-version":[{"id":3940,"href":"https:\/\/www.camping-leclosdeballeroy.fr\/en\/wp-json\/wp\/v2\/pages\/3579\/revisions\/3940"}],"wp:attachment":[{"href":"https:\/\/www.camping-leclosdeballeroy.fr\/en\/wp-json\/wp\/v2\/media?parent=3579"}],"curies":[{"name":"wp","href":"https:\/\/api.w.org\/{rel}","templated":true}]}}