{"id":3512,"date":"2026-02-12T15:57:24","date_gmt":"2026-02-12T14:57:24","guid":{"rendered":"https:\/\/www.camping-leclosdeballeroy.fr\/legal-notice\/"},"modified":"2026-03-05T02:14:00","modified_gmt":"2026-03-05T01:14:00","slug":"legal-notice","status":"publish","type":"page","link":"https:\/\/www.camping-leclosdeballeroy.fr\/en\/legal-notice\/","title":{"rendered":"Legal notice"},"content":{"rendered":"\t\t<div data-elementor-type=\"wp-page\" data-elementor-id=\"3512\" class=\"elementor elementor-3512 elementor-2552\" data-elementor-post-type=\"page\">\n\t\t\t\t<div class=\"elementor-element elementor-element-83da3f8 e-con-full e-flex e-con e-parent\" data-id=\"83da3f8\" data-element_type=\"container\">\n\t\t<div class=\"elementor-element elementor-element-4cb4473 e-con-full e-flex e-con e-child\" data-id=\"4cb4473\" data-element_type=\"container\" data-settings=\"{&quot;background_background&quot;:&quot;classic&quot;}\">\n\t\t\t\t<\/div>\n\t\t<div class=\"elementor-element elementor-element-933be99 e-con-full animated-slow e-flex elementor-invisible e-con e-child\" data-id=\"933be99\" data-element_type=\"container\" data-settings=\"{&quot;position&quot;:&quot;absolute&quot;,&quot;animation&quot;:&quot;fadeInUp&quot;,&quot;animation_delay&quot;:650}\">\n\t\t\t\t<div class=\"elementor-element elementor-element-c8add90 elementor-widget elementor-widget-heading\" data-id=\"c8add90\" data-element_type=\"widget\" data-widget_type=\"heading.default\">\n\t\t\t\t\t<div class=\"elementor-heading-title elementor-size-default\">Legal notice<\/div>\t\t\t\t<\/div>\n\t\t\t\t<\/div>\n\t\t\t\t<\/div>\n\t\t<div class=\"elementor-element elementor-element-33792357 e-flex e-con-boxed e-con e-parent\" data-id=\"33792357\" data-element_type=\"container\">\n\t\t\t\t\t<div class=\"e-con-inner\">\n\t\t\t\t<div class=\"elementor-element elementor-element-5ee6758f elementor-widget elementor-widget-text-editor\" data-id=\"5ee6758f\" data-element_type=\"widget\" data-widget_type=\"text-editor.default\">\n\t\t\t\t\t\t\t\t\t<p><\/p>\n<p><strong> CAMPING LE CLOS DE BALLEROY<\/strong><\/p>\n<p><strong>Adresse<\/strong>: 3 route de Castillon BALLEROY, 14490 Balleroy sur Drome<br><strong>Tel:<\/strong> 02.31.21.41.48<br><strong>Mail:<\/strong> info@camping-leclosdeballeroy.fr<br><strong>SIRET:<\/strong> 89815496800017<br><strong>TVA :<\/strong> FR 388 174 115 72<br><strong>RCS :<\/strong> Immatricul\u00e9 au RCS Caen sous le num\u00e9ro 817 411 572<\/p>\n<p><\/p>\n<p>The website camping-leclosdeballeroy.fr is hosted by the company OVH.<\/p>\n<p><strong>FRANCECOM, Web Agency<\/strong><br>8 rue des Bruy\u00e8res, b\u00e2timent B, 44400 Rez\u00e9<br><strong>T\u00e9l<\/strong> : 02 51 80 88 88<br><strong>Fax<\/strong> : 02 51 80 88 87<br><strong>Web<\/strong> : <a href=\"https:\/\/francecom.fr\/\" target=\"_blank\" rel=\"noreferrer noopener\">https:\/\/francecom.fr\/<\/a><br>RCS : Nantes B 410 557 151<br>SIRET : 41055715100041<\/p>\n<p>Access to the website camping-leclosdeballeroy.fr is subject to full acceptance and compliance by internet users with the following terms of use.<\/p>\n<p>The user agrees to use the information contained on this website for personal and non-commercial purposes only. Failure to comply with the provisions of this Charter may result in civil and\/or criminal liability. <\/p>\n<p>Site Content<br>This site is operated by CAMPING LE CLOS DE BALLEROY.<br>This site presents the activities of CAMPING LE CLOS DE BALLEROY.<\/p>\n<p>Intellectual Property<br>The website camping-leclosdeballeroy.fr constitutes a work of which Francecom is the author within the meaning of articles L111.1 et seq. of the Intellectual Property Code.<\/p>\n<p>In general, the data, programs, music samples, texts, information, logos, visual identities, animated or non-animated images and their formatting appearing on the camping-leclosdeballeroy.fr website are the property of Francecom (excluding photos belonging to the company CAMPING LE CLOS DE BALLEROY and texts written by the company CAMPING LE CLOS DE BALLEROY) and are protected as such by the provisions of the Intellectual Property Code.<\/p>\n<p>All internet users agree not to use them and not to allow anyone to use this content for illegal purposes.<\/p>\n<p>Any reproduction or representation, in whole or in part, whether permanent or temporary, on any digital or paper medium, and by any means whatsoever (including framing*), of any element of the camping-leclosdeballeroy.fr website or the services offered for sale, without the prior express consent of Francecom, is prohibited and constitutes copyright infringement, which may result in civil and\/or criminal penalties. Only printing on paper is authorized for private copying for the exclusive use of the copier, as defined in Article L122-5 2\u00b0 of the French Intellectual Property Code. <\/p>\n<p>No hyperlink to the website camping-leclosdeballeroy.fr may be installed without the prior and express consent of Francecom.<\/p>\n<p>*The act of capturing the content of pages from a website and transferring it to one&#8217;s own website via a hyperlink, presenting the said content as one&#8217;s own.<\/p>\n<p>Photo credits<br>Photos are for illustrative purposes only.<\/p>\n<p><\/p>\n<p>Liability<br>The company CAMPING LE CLOS DE BALLEROY declines all responsibility for any malfunctions that may occur on the website camping-leclosdeballeroy.fr and result in data loss or unavailability of access to the information produced on it.<\/p>\n<p>The information presented on the website camping-leclosdeballeroy.fr is subject to change without notice and is made available to internet users without any guarantee of any kind, express or implied.<\/p>\n<p>The presence of hyperlinks on the camping-leclosdeballeroy.fr website \u2013 regardless of whether or not CAMPING LE CLOS DE BALLEROY has given prior consent \u2013 \u200b\u200bdoes not create any joint liability between the company and the owners of other sites regarding the content of the sites to which the user is redirected.<\/p>\n<p>The company CAMPING LE CLOS DE BALLEROY cannot guarantee the completeness and accuracy of the information on the website camping-leclosdeballeroy.fr. Similarly, it cannot guarantee that the website has not been modified by a third party (intrusion, virus). <\/p>\n<p>Furthermore, the user is solely responsible for their use of the content on the camping-leclosdeballeroy.fr website. Except in cases of gross negligence on the part of CAMPING LE CLOS DE BALLEROY, the company cannot be held liable for any direct or indirect damages related to the use of information provided on the camping-leclosdeballeroy.fr website. <\/p>\n<p>Applicable Law and Jurisdiction<br>All information published on the website camping-leclosdeballeroy.fr and its use are governed exclusively by French law. Only the courts within the jurisdiction of the Court of Appeal of Rennes have jurisdiction over any disputes relating to the use of the website camping-leclosdeballeroy.fr. <\/p>\n<p><strong>CM2C<\/strong><br>14 rue Saint Jean<br>75017 Paris<br><a href=\"https:\/\/www.cm2c.net\/\" target=\"_blank\" rel=\"noreferrer noopener\">cm2c.net<\/a><br><a href=\"mailto:cm2c@cm2c.net\">cm2c@cm2c.net<\/a><\/p>\n<p><strong>General Terms and Conditions of Sale<\/strong><br>The website camping-leclosdeballeroy.fr does not allow online purchases. The General Terms and Conditions of Sale are available in the &#8220;Documents to Download&#8221; section, or upon request to info@camping-leclosdeballeroy.fr <\/p>\n<p><strong>Information about cookies on our website<\/strong><br>Detailed information about cookies and how to manage them on the website is available here: <a href=\"https:\/\/www.camping-leclosdeballeroy.fr\/en\/cookie-policy-eu\/\">Cookie Policy (EU)<\/a><\/p>\n<p>You can find out more about the use of cookies by visiting the CNIL website: <a href=\"https:\/\/www.cnil.fr\/fr\/cookies-et-autres-traceurs\/comment-se-proteger\/maitriser-votre-navigateur\" target=\"_blank\" rel=\"noreferrer noopener\">cnil.fr<\/a><\/p>\n<p>Information regarding the privacy policy and the management of personal data:<br>Detailed information on the<a href=\"https:\/\/www.camping-leclosdeballeroy.fr\/en\/privacy-policy\/\"> privacy policy<\/a><\/p>\n<p><\/p>\n<p><\/p>\t\t\t\t\t\t\t\t<\/div>\n\t\t\t\t\t<\/div>\n\t\t\t\t<\/div>\n\t\t\t\t<\/div>\n\t\t","protected":false},"excerpt":{"rendered":"<p>CAMPING LE CLOS DE BALLEROY Adresse: 3 route de Castillon BALLEROY, 14490 Balleroy sur DromeTel: 02.31.21.41.48Mail: info@camping-leclosdeballeroy.frSIRET: 89815496800017TVA : FR 388 174 115 72RCS : Immatricul\u00e9 au RCS Caen sous le num\u00e9ro 817 411 572 The website camping-leclosdeballeroy.fr is hosted by the company OVH. FRANCECOM, Web Agency8 rue des Bruy\u00e8res, b\u00e2timent B, 44400 Rez\u00e9T\u00e9l : [&hellip;]<\/p>\n","protected":false},"author":1,"featured_media":0,"parent":0,"menu_order":0,"comment_status":"closed","ping_status":"closed","template":"","meta":{"footnotes":""},"class_list":["post-3512","page","type-page","status-publish","hentry"],"yoast_head":"<!-- This site is optimized with the Yoast SEO plugin v26.9 - https:\/\/yoast.com\/product\/yoast-seo-wordpress\/ -->\n<title>Legal notice - Camping le Clos de Balleroy<\/title>\n<meta name=\"description\" content=\"Camping le Clos de Balleroy\" \/>\n<meta name=\"robots\" content=\"index, follow, max-snippet:-1, max-image-preview:large, max-video-preview:-1\" \/>\n<link rel=\"canonical\" href=\"https:\/\/www.camping-leclosdeballeroy.fr\/en\/legal-notice\/\" \/>\n<meta property=\"og:locale\" content=\"en_US\" \/>\n<meta property=\"og:type\" content=\"article\" \/>\n<meta property=\"og:title\" content=\"Legal notice - Camping le Clos de Balleroy\" \/>\n<meta property=\"og:description\" content=\"Camping le Clos de Balleroy\" \/>\n<meta property=\"og:url\" content=\"https:\/\/www.camping-leclosdeballeroy.fr\/en\/legal-notice\/\" \/>\n<meta property=\"og:site_name\" content=\"Camping le Clos de Balleroy\" \/>\n<meta property=\"article:modified_time\" content=\"2026-03-05T01:14:00+00:00\" \/>\n<meta name=\"twitter:card\" content=\"summary_large_image\" \/>\n<meta name=\"twitter:label1\" content=\"Est. reading time\" \/>\n\t<meta name=\"twitter:data1\" content=\"4 minutes\" \/>\n<script type=\"application\/ld+json\" class=\"yoast-schema-graph\">{\"@context\":\"https:\/\/schema.org\",\"@graph\":[{\"@type\":\"WebPage\",\"@id\":\"https:\/\/www.camping-leclosdeballeroy.fr\/en\/legal-notice\/\",\"url\":\"https:\/\/www.camping-leclosdeballeroy.fr\/en\/legal-notice\/\",\"name\":\"Legal notice - Camping le Clos de Balleroy\",\"isPartOf\":{\"@id\":\"https:\/\/www.camping-leclosdeballeroy.fr\/#website\"},\"datePublished\":\"2026-02-12T14:57:24+00:00\",\"dateModified\":\"2026-03-05T01:14:00+00:00\",\"description\":\"Camping le Clos de Balleroy\",\"breadcrumb\":{\"@id\":\"https:\/\/www.camping-leclosdeballeroy.fr\/en\/legal-notice\/#breadcrumb\"},\"inLanguage\":\"en-US\",\"potentialAction\":[{\"@type\":\"ReadAction\",\"target\":[\"https:\/\/www.camping-leclosdeballeroy.fr\/en\/legal-notice\/\"]}]},{\"@type\":\"BreadcrumbList\",\"@id\":\"https:\/\/www.camping-leclosdeballeroy.fr\/en\/legal-notice\/#breadcrumb\",\"itemListElement\":[{\"@type\":\"ListItem\",\"position\":1,\"name\":\"Accueil\",\"item\":\"https:\/\/www.camping-leclosdeballeroy.fr\/\"},{\"@type\":\"ListItem\",\"position\":2,\"name\":\"Legal notice\"}]},{\"@type\":\"WebSite\",\"@id\":\"https:\/\/www.camping-leclosdeballeroy.fr\/#website\",\"url\":\"https:\/\/www.camping-leclosdeballeroy.fr\/\",\"name\":\"Camping le Clos de Balleroy\",\"description\":\"\",\"publisher\":{\"@id\":\"https:\/\/www.camping-leclosdeballeroy.fr\/#organization\"},\"potentialAction\":[{\"@type\":\"SearchAction\",\"target\":{\"@type\":\"EntryPoint\",\"urlTemplate\":\"https:\/\/www.camping-leclosdeballeroy.fr\/?s={search_term_string}\"},\"query-input\":{\"@type\":\"PropertyValueSpecification\",\"valueRequired\":true,\"valueName\":\"search_term_string\"}}],\"inLanguage\":\"en-US\"},{\"@type\":\"Organization\",\"@id\":\"https:\/\/www.camping-leclosdeballeroy.fr\/#organization\",\"name\":\"Camping le Clos de Balleroy\",\"url\":\"https:\/\/www.camping-leclosdeballeroy.fr\/\",\"logo\":{\"@type\":\"ImageObject\",\"inLanguage\":\"en-US\",\"@id\":\"https:\/\/www.camping-leclosdeballeroy.fr\/#\/schema\/logo\/image\/\",\"url\":\"https:\/\/www.camping-leclosdeballeroy.fr\/wp-content\/uploads\/2025\/11\/logo-complet-leclodeballeroy-e1763013782743.png\",\"contentUrl\":\"https:\/\/www.camping-leclosdeballeroy.fr\/wp-content\/uploads\/2025\/11\/logo-complet-leclodeballeroy-e1763013782743.png\",\"width\":1186,\"height\":988,\"caption\":\"Camping le Clos de Balleroy\"},\"image\":{\"@id\":\"https:\/\/www.camping-leclosdeballeroy.fr\/#\/schema\/logo\/image\/\"}}]}<\/script>\n<!-- \/ Yoast SEO plugin. -->","yoast_head_json":{"title":"Legal notice - Camping le Clos de Balleroy","description":"Camping le Clos de Balleroy","robots":{"index":"index","follow":"follow","max-snippet":"max-snippet:-1","max-image-preview":"max-image-preview:large","max-video-preview":"max-video-preview:-1"},"canonical":"https:\/\/www.camping-leclosdeballeroy.fr\/en\/legal-notice\/","og_locale":"en_US","og_type":"article","og_title":"Legal notice - Camping le Clos de Balleroy","og_description":"Camping le Clos de Balleroy","og_url":"https:\/\/www.camping-leclosdeballeroy.fr\/en\/legal-notice\/","og_site_name":"Camping le Clos de Balleroy","article_modified_time":"2026-03-05T01:14:00+00:00","twitter_card":"summary_large_image","twitter_misc":{"Est. reading time":"4 minutes"},"schema":{"@context":"https:\/\/schema.org","@graph":[{"@type":"WebPage","@id":"https:\/\/www.camping-leclosdeballeroy.fr\/en\/legal-notice\/","url":"https:\/\/www.camping-leclosdeballeroy.fr\/en\/legal-notice\/","name":"Legal notice - Camping le Clos de Balleroy","isPartOf":{"@id":"https:\/\/www.camping-leclosdeballeroy.fr\/#website"},"datePublished":"2026-02-12T14:57:24+00:00","dateModified":"2026-03-05T01:14:00+00:00","description":"Camping le Clos de Balleroy","breadcrumb":{"@id":"https:\/\/www.camping-leclosdeballeroy.fr\/en\/legal-notice\/#breadcrumb"},"inLanguage":"en-US","potentialAction":[{"@type":"ReadAction","target":["https:\/\/www.camping-leclosdeballeroy.fr\/en\/legal-notice\/"]}]},{"@type":"BreadcrumbList","@id":"https:\/\/www.camping-leclosdeballeroy.fr\/en\/legal-notice\/#breadcrumb","itemListElement":[{"@type":"ListItem","position":1,"name":"Accueil","item":"https:\/\/www.camping-leclosdeballeroy.fr\/"},{"@type":"ListItem","position":2,"name":"Legal notice"}]},{"@type":"WebSite","@id":"https:\/\/www.camping-leclosdeballeroy.fr\/#website","url":"https:\/\/www.camping-leclosdeballeroy.fr\/","name":"Camping le Clos de Balleroy","description":"","publisher":{"@id":"https:\/\/www.camping-leclosdeballeroy.fr\/#organization"},"potentialAction":[{"@type":"SearchAction","target":{"@type":"EntryPoint","urlTemplate":"https:\/\/www.camping-leclosdeballeroy.fr\/?s={search_term_string}"},"query-input":{"@type":"PropertyValueSpecification","valueRequired":true,"valueName":"search_term_string"}}],"inLanguage":"en-US"},{"@type":"Organization","@id":"https:\/\/www.camping-leclosdeballeroy.fr\/#organization","name":"Camping le Clos de Balleroy","url":"https:\/\/www.camping-leclosdeballeroy.fr\/","logo":{"@type":"ImageObject","inLanguage":"en-US","@id":"https:\/\/www.camping-leclosdeballeroy.fr\/#\/schema\/logo\/image\/","url":"https:\/\/www.camping-leclosdeballeroy.fr\/wp-content\/uploads\/2025\/11\/logo-complet-leclodeballeroy-e1763013782743.png","contentUrl":"https:\/\/www.camping-leclosdeballeroy.fr\/wp-content\/uploads\/2025\/11\/logo-complet-leclodeballeroy-e1763013782743.png","width":1186,"height":988,"caption":"Camping le Clos de Balleroy"},"image":{"@id":"https:\/\/www.camping-leclosdeballeroy.fr\/#\/schema\/logo\/image\/"}}]}},"_links":{"self":[{"href":"https:\/\/www.camping-leclosdeballeroy.fr\/en\/wp-json\/wp\/v2\/pages\/3512","targetHints":{"allow":["GET"]}}],"collection":[{"href":"https:\/\/www.camping-leclosdeballeroy.fr\/en\/wp-json\/wp\/v2\/pages"}],"about":[{"href":"https:\/\/www.camping-leclosdeballeroy.fr\/en\/wp-json\/wp\/v2\/types\/page"}],"author":[{"embeddable":true,"href":"https:\/\/www.camping-leclosdeballeroy.fr\/en\/wp-json\/wp\/v2\/users\/1"}],"replies":[{"embeddable":true,"href":"https:\/\/www.camping-leclosdeballeroy.fr\/en\/wp-json\/wp\/v2\/comments?post=3512"}],"version-history":[{"count":8,"href":"https:\/\/www.camping-leclosdeballeroy.fr\/en\/wp-json\/wp\/v2\/pages\/3512\/revisions"}],"predecessor-version":[{"id":3838,"href":"https:\/\/www.camping-leclosdeballeroy.fr\/en\/wp-json\/wp\/v2\/pages\/3512\/revisions\/3838"}],"wp:attachment":[{"href":"https:\/\/www.camping-leclosdeballeroy.fr\/en\/wp-json\/wp\/v2\/media?parent=3512"}],"curies":[{"name":"wp","href":"https:\/\/api.w.org\/{rel}","templated":true}]}}